{"id":88,"date":"2024-04-15T16:04:33","date_gmt":"2024-04-15T16:04:33","guid":{"rendered":"https:\/\/8-hands-orchestra.com\/?page_id=88"},"modified":"2025-02-11T13:03:57","modified_gmt":"2025-02-11T13:03:57","slug":"repertoire","status":"publish","type":"page","link":"https:\/\/8-hands-orchestra.com\/index.php\/repertoire\/","title":{"rendered":"Repertoire"},"content":{"rendered":"\n<div class=\"wp-block-media-text is-stacked-on-mobile\" style=\"grid-template-columns:25% auto\"><figure class=\"wp-block-media-text__media\"><img data-recalc-dims=\"1\" loading=\"lazy\" decoding=\"async\" width=\"525\" height=\"710\" data-attachment-id=\"101\" data-permalink=\"https:\/\/8-hands-orchestra.com\/index.php\/repertoire\/bartok-1\/\" data-orig-file=\"https:\/\/i0.wp.com\/8-hands-orchestra.com\/wp-content\/uploads\/2024\/04\/bartok-1.jpeg?fit=570%2C771&amp;ssl=1\" data-orig-size=\"570,771\" data-comments-opened=\"1\" data-image-meta=\"{&quot;aperture&quot;:&quot;0&quot;,&quot;credit&quot;:&quot;&quot;,&quot;camera&quot;:&quot;&quot;,&quot;caption&quot;:&quot;&quot;,&quot;created_timestamp&quot;:&quot;0&quot;,&quot;copyright&quot;:&quot;&quot;,&quot;focal_length&quot;:&quot;0&quot;,&quot;iso&quot;:&quot;0&quot;,&quot;shutter_speed&quot;:&quot;0&quot;,&quot;title&quot;:&quot;&quot;,&quot;orientation&quot;:&quot;0&quot;}\" data-image-title=\"bartok-1\" data-image-description=\"\" data-image-caption=\"\" data-large-file=\"https:\/\/i0.wp.com\/8-hands-orchestra.com\/wp-content\/uploads\/2024\/04\/bartok-1.jpeg?fit=525%2C710&amp;ssl=1\" src=\"https:\/\/i0.wp.com\/8-hands-orchestra.com\/wp-content\/uploads\/2024\/04\/bartok-1.jpeg?resize=525%2C710&#038;ssl=1\" alt=\"\" class=\"wp-image-101 size-full\" srcset=\"https:\/\/i0.wp.com\/8-hands-orchestra.com\/wp-content\/uploads\/2024\/04\/bartok-1.jpeg?w=570&amp;ssl=1 570w, https:\/\/i0.wp.com\/8-hands-orchestra.com\/wp-content\/uploads\/2024\/04\/bartok-1.jpeg?resize=222%2C300&amp;ssl=1 222w\" sizes=\"auto, (max-width: 525px) 100vw, 525px\" \/><\/figure><div class=\"wp-block-media-text__content\">\n<p>B\u00e9la Bart\u00f3k: Sonate f\u00fcr zwei Klaviere und zwei Perkussionisten Sz. 110<\/p>\n<\/div><\/div>\n\n\n\n<div class=\"wp-block-media-text is-stacked-on-mobile\" style=\"grid-template-columns:25% auto\"><figure class=\"wp-block-media-text__media\"><img data-recalc-dims=\"1\" loading=\"lazy\" decoding=\"async\" width=\"525\" height=\"747\" data-attachment-id=\"109\" data-permalink=\"https:\/\/8-hands-orchestra.com\/index.php\/repertoire\/nikolai-kapustin-3\/\" data-orig-file=\"https:\/\/i0.wp.com\/8-hands-orchestra.com\/wp-content\/uploads\/2024\/04\/Nikolai-Kapustin-3.jpeg?fit=1302%2C1851&amp;ssl=1\" data-orig-size=\"1302,1851\" data-comments-opened=\"1\" data-image-meta=\"{&quot;aperture&quot;:&quot;0&quot;,&quot;credit&quot;:&quot;&quot;,&quot;camera&quot;:&quot;&quot;,&quot;caption&quot;:&quot;&quot;,&quot;created_timestamp&quot;:&quot;0&quot;,&quot;copyright&quot;:&quot;&quot;,&quot;focal_length&quot;:&quot;0&quot;,&quot;iso&quot;:&quot;0&quot;,&quot;shutter_speed&quot;:&quot;0&quot;,&quot;title&quot;:&quot;&quot;,&quot;orientation&quot;:&quot;0&quot;}\" data-image-title=\"Nikolai-Kapustin-3\" data-image-description=\"\" data-image-caption=\"\" data-large-file=\"https:\/\/i0.wp.com\/8-hands-orchestra.com\/wp-content\/uploads\/2024\/04\/Nikolai-Kapustin-3.jpeg?fit=525%2C747&amp;ssl=1\" src=\"https:\/\/i0.wp.com\/8-hands-orchestra.com\/wp-content\/uploads\/2024\/04\/Nikolai-Kapustin-3.jpeg?resize=525%2C747&#038;ssl=1\" alt=\"\" class=\"wp-image-109 size-full\" srcset=\"https:\/\/i0.wp.com\/8-hands-orchestra.com\/wp-content\/uploads\/2024\/04\/Nikolai-Kapustin-3.jpeg?resize=720%2C1024&amp;ssl=1 720w, https:\/\/i0.wp.com\/8-hands-orchestra.com\/wp-content\/uploads\/2024\/04\/Nikolai-Kapustin-3.jpeg?resize=211%2C300&amp;ssl=1 211w, https:\/\/i0.wp.com\/8-hands-orchestra.com\/wp-content\/uploads\/2024\/04\/Nikolai-Kapustin-3.jpeg?resize=768%2C1092&amp;ssl=1 768w, https:\/\/i0.wp.com\/8-hands-orchestra.com\/wp-content\/uploads\/2024\/04\/Nikolai-Kapustin-3.jpeg?resize=1080%2C1536&amp;ssl=1 1080w, https:\/\/i0.wp.com\/8-hands-orchestra.com\/wp-content\/uploads\/2024\/04\/Nikolai-Kapustin-3.jpeg?w=1302&amp;ssl=1 1302w\" sizes=\"auto, (max-width: 525px) 100vw, 525px\" \/><\/figure><div class=\"wp-block-media-text__content\">\n<p>Nikolai Kapustin: Konzert f\u00fcr zwei Klaviere und zwei Perkussionisten op. 104<\/p>\n<\/div><\/div>\n\n\n\n<div class=\"wp-block-media-text is-stacked-on-mobile\" style=\"grid-template-columns:25% auto\"><figure class=\"wp-block-media-text__media\"><img data-recalc-dims=\"1\" loading=\"lazy\" decoding=\"async\" width=\"200\" height=\"277\" data-attachment-id=\"105\" data-permalink=\"https:\/\/8-hands-orchestra.com\/index.php\/repertoire\/francaix\/\" data-orig-file=\"https:\/\/i0.wp.com\/8-hands-orchestra.com\/wp-content\/uploads\/2024\/04\/Francaix.png?fit=200%2C277&amp;ssl=1\" data-orig-size=\"200,277\" data-comments-opened=\"1\" data-image-meta=\"{&quot;aperture&quot;:&quot;0&quot;,&quot;credit&quot;:&quot;&quot;,&quot;camera&quot;:&quot;&quot;,&quot;caption&quot;:&quot;&quot;,&quot;created_timestamp&quot;:&quot;0&quot;,&quot;copyright&quot;:&quot;&quot;,&quot;focal_length&quot;:&quot;0&quot;,&quot;iso&quot;:&quot;0&quot;,&quot;shutter_speed&quot;:&quot;0&quot;,&quot;title&quot;:&quot;&quot;,&quot;orientation&quot;:&quot;0&quot;}\" data-image-title=\"Francaix\" data-image-description=\"\" data-image-caption=\"\" data-large-file=\"https:\/\/i0.wp.com\/8-hands-orchestra.com\/wp-content\/uploads\/2024\/04\/Francaix.png?fit=200%2C277&amp;ssl=1\" src=\"https:\/\/i0.wp.com\/8-hands-orchestra.com\/wp-content\/uploads\/2024\/04\/Francaix.png?resize=200%2C277&#038;ssl=1\" alt=\"\" class=\"wp-image-105 size-full\"\/><\/figure><div class=\"wp-block-media-text__content\">\n<p>Jean Francaix: Huit danses exotiques (Arrangement f\u00fcr zwei Klaviere und zwei Perkussionisten)<\/p>\n<\/div><\/div>\n\n\n\n<div class=\"wp-block-media-text is-stacked-on-mobile\" style=\"grid-template-columns:25% auto\"><figure class=\"wp-block-media-text__media\"><img data-recalc-dims=\"1\" loading=\"lazy\" decoding=\"async\" width=\"450\" height=\"600\" data-attachment-id=\"106\" data-permalink=\"https:\/\/8-hands-orchestra.com\/index.php\/repertoire\/carl-orff\/\" data-orig-file=\"https:\/\/i0.wp.com\/8-hands-orchestra.com\/wp-content\/uploads\/2024\/04\/Orff.jpeg?fit=450%2C600&amp;ssl=1\" data-orig-size=\"450,600\" data-comments-opened=\"1\" data-image-meta=\"{&quot;aperture&quot;:&quot;0&quot;,&quot;credit&quot;:&quot;dpa&quot;,&quot;camera&quot;:&quot;&quot;,&quot;caption&quot;:&quot;Ca. 1950. Carl Orff (1895-1982) . Die \\&quot;Carmina Burana\\&quot; (1937) z\\u00e4hlt zu seinen bekanntesten Werken.\\r\\r\\r\\rBild: Brille, ernst&quot;,&quot;created_timestamp&quot;:&quot;0&quot;,&quot;copyright&quot;:&quot;usage worldwide, Verwendung weltweit&quot;,&quot;focal_length&quot;:&quot;0&quot;,&quot;iso&quot;:&quot;0&quot;,&quot;shutter_speed&quot;:&quot;0&quot;,&quot;title&quot;:&quot;Carl Orff&quot;,&quot;orientation&quot;:&quot;1&quot;}\" data-image-title=\"Carl Orff\" data-image-description=\"\" data-image-caption=\"&lt;p&gt;Ca. 1950. Carl Orff (1895-1982) . Die &amp;#8222;Carmina Burana&amp;#8220; (1937) z\u00e4hlt zu seinen bekanntesten Werken.&lt;\/p&gt;\n&lt;p&gt;Bild: Brille, ernst&lt;\/p&gt;\n\" data-large-file=\"https:\/\/i0.wp.com\/8-hands-orchestra.com\/wp-content\/uploads\/2024\/04\/Orff.jpeg?fit=450%2C600&amp;ssl=1\" src=\"https:\/\/i0.wp.com\/8-hands-orchestra.com\/wp-content\/uploads\/2024\/04\/Orff.jpeg?resize=450%2C600&#038;ssl=1\" alt=\"\" class=\"wp-image-106 size-full\" srcset=\"https:\/\/i0.wp.com\/8-hands-orchestra.com\/wp-content\/uploads\/2024\/04\/Orff.jpeg?w=450&amp;ssl=1 450w, https:\/\/i0.wp.com\/8-hands-orchestra.com\/wp-content\/uploads\/2024\/04\/Orff.jpeg?resize=225%2C300&amp;ssl=1 225w\" sizes=\"auto, (max-width: 450px) 100vw, 450px\" \/><\/figure><div class=\"wp-block-media-text__content\">\n<p>Carl Orff: Carmina Burana<\/p>\n<\/div><\/div>\n\n\n\n<div class=\"wp-block-media-text is-stacked-on-mobile\" style=\"grid-template-columns:25% auto\"><figure class=\"wp-block-media-text__media\"><img data-recalc-dims=\"1\" loading=\"lazy\" decoding=\"async\" width=\"525\" height=\"694\" data-attachment-id=\"107\" data-permalink=\"https:\/\/8-hands-orchestra.com\/index.php\/repertoire\/johannes-brahms\/\" data-orig-file=\"https:\/\/i0.wp.com\/8-hands-orchestra.com\/wp-content\/uploads\/2024\/04\/Johannes-Brahms.webp?fit=1513%2C2000&amp;ssl=1\" data-orig-size=\"1513,2000\" data-comments-opened=\"1\" data-image-meta=\"{&quot;aperture&quot;:&quot;0&quot;,&quot;credit&quot;:&quot;&quot;,&quot;camera&quot;:&quot;&quot;,&quot;caption&quot;:&quot;&quot;,&quot;created_timestamp&quot;:&quot;0&quot;,&quot;copyright&quot;:&quot;&quot;,&quot;focal_length&quot;:&quot;0&quot;,&quot;iso&quot;:&quot;0&quot;,&quot;shutter_speed&quot;:&quot;0&quot;,&quot;title&quot;:&quot;&quot;,&quot;orientation&quot;:&quot;0&quot;}\" data-image-title=\"Johannes-Brahms\" data-image-description=\"\" data-image-caption=\"\" data-large-file=\"https:\/\/i0.wp.com\/8-hands-orchestra.com\/wp-content\/uploads\/2024\/04\/Johannes-Brahms.webp?fit=525%2C694&amp;ssl=1\" src=\"https:\/\/i0.wp.com\/8-hands-orchestra.com\/wp-content\/uploads\/2024\/04\/Johannes-Brahms.webp?resize=525%2C694&#038;ssl=1\" alt=\"\" class=\"wp-image-107 size-full\" srcset=\"https:\/\/i0.wp.com\/8-hands-orchestra.com\/wp-content\/uploads\/2024\/04\/Johannes-Brahms.webp?resize=775%2C1024&amp;ssl=1 775w, https:\/\/i0.wp.com\/8-hands-orchestra.com\/wp-content\/uploads\/2024\/04\/Johannes-Brahms.webp?resize=227%2C300&amp;ssl=1 227w, https:\/\/i0.wp.com\/8-hands-orchestra.com\/wp-content\/uploads\/2024\/04\/Johannes-Brahms.webp?resize=768%2C1015&amp;ssl=1 768w, https:\/\/i0.wp.com\/8-hands-orchestra.com\/wp-content\/uploads\/2024\/04\/Johannes-Brahms.webp?resize=1162%2C1536&amp;ssl=1 1162w, https:\/\/i0.wp.com\/8-hands-orchestra.com\/wp-content\/uploads\/2024\/04\/Johannes-Brahms.webp?w=1513&amp;ssl=1 1513w, https:\/\/i0.wp.com\/8-hands-orchestra.com\/wp-content\/uploads\/2024\/04\/Johannes-Brahms.webp?w=1050&amp;ssl=1 1050w\" sizes=\"auto, (max-width: 706px) 89vw, (max-width: 767px) 82vw, 740px\" \/><\/figure><div class=\"wp-block-media-text__content\">\n<p>Johannes Brahms: Deutsches Requiem<\/p>\n<\/div><\/div>\n\n\n\n<div class=\"wp-block-media-text is-stacked-on-mobile\" style=\"grid-template-columns:25% auto\"><figure class=\"wp-block-media-text__media\"><img data-recalc-dims=\"1\" loading=\"lazy\" decoding=\"async\" width=\"525\" height=\"725\" data-attachment-id=\"108\" data-permalink=\"https:\/\/8-hands-orchestra.com\/index.php\/repertoire\/darius-milhaud\/\" data-orig-file=\"https:\/\/i0.wp.com\/8-hands-orchestra.com\/wp-content\/uploads\/2024\/04\/Darius-Milhaud.jpeg?fit=1337%2C1846&amp;ssl=1\" data-orig-size=\"1337,1846\" data-comments-opened=\"1\" data-image-meta=\"{&quot;aperture&quot;:&quot;0&quot;,&quot;credit&quot;:&quot;&quot;,&quot;camera&quot;:&quot;&quot;,&quot;caption&quot;:&quot;&quot;,&quot;created_timestamp&quot;:&quot;0&quot;,&quot;copyright&quot;:&quot;&quot;,&quot;focal_length&quot;:&quot;0&quot;,&quot;iso&quot;:&quot;0&quot;,&quot;shutter_speed&quot;:&quot;0&quot;,&quot;title&quot;:&quot;&quot;,&quot;orientation&quot;:&quot;1&quot;}\" data-image-title=\"Darius-Milhaud\" data-image-description=\"\" data-image-caption=\"\" data-large-file=\"https:\/\/i0.wp.com\/8-hands-orchestra.com\/wp-content\/uploads\/2024\/04\/Darius-Milhaud.jpeg?fit=525%2C725&amp;ssl=1\" src=\"https:\/\/i0.wp.com\/8-hands-orchestra.com\/wp-content\/uploads\/2024\/04\/Darius-Milhaud.jpeg?resize=525%2C725&#038;ssl=1\" alt=\"\" class=\"wp-image-108 size-full\" srcset=\"https:\/\/i0.wp.com\/8-hands-orchestra.com\/wp-content\/uploads\/2024\/04\/Darius-Milhaud.jpeg?resize=742%2C1024&amp;ssl=1 742w, https:\/\/i0.wp.com\/8-hands-orchestra.com\/wp-content\/uploads\/2024\/04\/Darius-Milhaud.jpeg?resize=217%2C300&amp;ssl=1 217w, https:\/\/i0.wp.com\/8-hands-orchestra.com\/wp-content\/uploads\/2024\/04\/Darius-Milhaud.jpeg?resize=768%2C1060&amp;ssl=1 768w, https:\/\/i0.wp.com\/8-hands-orchestra.com\/wp-content\/uploads\/2024\/04\/Darius-Milhaud.jpeg?resize=1112%2C1536&amp;ssl=1 1112w, https:\/\/i0.wp.com\/8-hands-orchestra.com\/wp-content\/uploads\/2024\/04\/Darius-Milhaud.jpeg?w=1337&amp;ssl=1 1337w, https:\/\/i0.wp.com\/8-hands-orchestra.com\/wp-content\/uploads\/2024\/04\/Darius-Milhaud.jpeg?w=1050&amp;ssl=1 1050w\" sizes=\"auto, (max-width: 706px) 89vw, (max-width: 767px) 82vw, 740px\" \/><\/figure><div class=\"wp-block-media-text__content\">\n<p>Darius Milhaud: Scaramouche<\/p>\n<\/div><\/div>\n","protected":false},"excerpt":{"rendered":"<p>B\u00e9la Bart\u00f3k: Sonate f\u00fcr zwei Klaviere und zwei Perkussionisten Sz. 110 Nikolai Kapustin: Konzert f\u00fcr zwei Klaviere und zwei Perkussionisten op. 104 Jean Francaix: Huit danses exotiques (Arrangement f\u00fcr zwei &hellip; <\/p>\n<p class=\"link-more\"><a href=\"https:\/\/8-hands-orchestra.com\/index.php\/repertoire\/\" class=\"more-link\"><span class=\"screen-reader-text\">\u201eRepertoire\u201c <\/span>weiterlesen<\/a><\/p>\n","protected":false},"author":1,"featured_media":0,"parent":0,"menu_order":0,"comment_status":"closed","ping_status":"closed","template":"","meta":{"_EventAllDay":false,"_EventTimezone":"","_EventStartDate":"","_EventEndDate":"","_EventStartDateUTC":"","_EventEndDateUTC":"","_EventShowMap":false,"_EventShowMapLink":false,"_EventURL":"","_EventCost":"","_EventCostDescription":"","_EventCurrencySymbol":"","_EventCurrencyCode":"","_EventCurrencyPosition":"","_EventDateTimeSeparator":"","_EventTimeRangeSeparator":"","_EventOrganizerID":[],"_EventVenueID":[],"_OrganizerEmail":"","_OrganizerPhone":"","_OrganizerWebsite":"","_VenueAddress":"","_VenueCity":"","_VenueCountry":"","_VenueProvince":"","_VenueState":"","_VenueZip":"","_VenuePhone":"","_VenueURL":"","_VenueStateProvince":"","_VenueLat":"","_VenueLng":"","_VenueShowMap":false,"_VenueShowMapLink":false,"footnotes":""},"class_list":["post-88","page","type-page","status-publish","hentry"],"jetpack_sharing_enabled":true,"_links":{"self":[{"href":"https:\/\/8-hands-orchestra.com\/index.php\/wp-json\/wp\/v2\/pages\/88","targetHints":{"allow":["GET"]}}],"collection":[{"href":"https:\/\/8-hands-orchestra.com\/index.php\/wp-json\/wp\/v2\/pages"}],"about":[{"href":"https:\/\/8-hands-orchestra.com\/index.php\/wp-json\/wp\/v2\/types\/page"}],"author":[{"embeddable":true,"href":"https:\/\/8-hands-orchestra.com\/index.php\/wp-json\/wp\/v2\/users\/1"}],"replies":[{"embeddable":true,"href":"https:\/\/8-hands-orchestra.com\/index.php\/wp-json\/wp\/v2\/comments?post=88"}],"version-history":[{"count":3,"href":"https:\/\/8-hands-orchestra.com\/index.php\/wp-json\/wp\/v2\/pages\/88\/revisions"}],"predecessor-version":[{"id":153,"href":"https:\/\/8-hands-orchestra.com\/index.php\/wp-json\/wp\/v2\/pages\/88\/revisions\/153"}],"wp:attachment":[{"href":"https:\/\/8-hands-orchestra.com\/index.php\/wp-json\/wp\/v2\/media?parent=88"}],"curies":[{"name":"wp","href":"https:\/\/api.w.org\/{rel}","templated":true}]}}